{"id":2567,"date":"2021-11-29T23:39:02","date_gmt":"2021-11-29T23:39:02","guid":{"rendered":"https:\/\/saludlaboralrrhh.cl\/cursos\/?post_type=product&#038;p=2567"},"modified":"2024-06-03T14:39:53","modified_gmt":"2024-06-03T14:39:53","slug":"curso-online-de-franquicia-grabacion","status":"publish","type":"product","link":"https:\/\/saludlaboralrrhh.cl\/cursos\/producto\/curso-online-de-franquicia-grabacion\/","title":{"rendered":"Grabaci\u00f3n Curso Online de Franquicia SENCE"},"content":{"rendered":"<p><img fetchpriority=\"high\" decoding=\"async\" class=\"alignnone wp-image-2568\" src=\"https:\/\/saludlaboralrrhh.cl\/cursos\/wp-content\/uploads\/2021\/11\/boxsence-150x150.jpg\" alt=\"\" width=\"500\" height=\"281\" srcset=\"https:\/\/saludlaboralrrhh.cl\/cursos\/wp-content\/uploads\/2021\/11\/boxsence-300x169.jpg 300w, https:\/\/saludlaboralrrhh.cl\/cursos\/wp-content\/uploads\/2021\/11\/boxsence-1024x576.jpg 1024w, https:\/\/saludlaboralrrhh.cl\/cursos\/wp-content\/uploads\/2021\/11\/boxsence-768x432.jpg 768w, https:\/\/saludlaboralrrhh.cl\/cursos\/wp-content\/uploads\/2021\/11\/boxsence-100x56.jpg 100w, https:\/\/saludlaboralrrhh.cl\/cursos\/wp-content\/uploads\/2021\/11\/boxsence-1140x641.jpg 1140w, https:\/\/saludlaboralrrhh.cl\/cursos\/wp-content\/uploads\/2021\/11\/boxsence-720x405.jpg 720w, https:\/\/saludlaboralrrhh.cl\/cursos\/wp-content\/uploads\/2021\/11\/boxsence-600x338.jpg 600w, https:\/\/saludlaboralrrhh.cl\/cursos\/wp-content\/uploads\/2021\/11\/boxsence.jpg 1280w\" sizes=\"(max-width: 500px) 100vw, 500px\" \/><\/p>\n<p>\u00bfSab\u00edas que puedes rebajar impuestos capacitando a los trabajadores de tu empresa? En este curso te explicamos que pasos debes seguir para obtener este beneficio.<\/p>\n<p>La grabaci\u00f3n incluye 3 horas de curso.<\/p>\n<h3><b>Contenido del curso<\/b><\/h3>\n<p style=\"padding-left: 40px;\">\u2714\ufe0fQue es una franquicia de capacitaci\u00f3n.<\/p>\n<p style=\"padding-left: 40px;\">\u2714\ufe0fQuienes son los beneficiarios y requisitos.<\/p>\n<p style=\"padding-left: 40px;\">\u2714\ufe0fDe donde se obtienen los aportes.<\/p>\n<p style=\"padding-left: 40px;\">\u2714\ufe0fQue es una OTEC y una OTIC.<\/p>\n<p style=\"padding-left: 40px;\">\u2714\ufe0fComo se forma el comite bipartito de capacitaci\u00f3n (CBC)<\/p>\n<p style=\"padding-left: 40px;\">\u2714\ufe0fValor de tramos de capacitaci\u00f3n.<\/p>\n<p style=\"padding-left: 40px;\">\u2714\ufe0fValor de cobertura de cursos por sueldo imponible.<\/p>\n<p style=\"padding-left: 40px;\">\u2714\ufe0fCursos sin costo para las empresas y trabajadores.<\/p>\n<p style=\"padding-left: 40px;\">\u2714\ufe0fCasos pr\u00e1cticos.<\/p>\n<p>&nbsp;<\/p>\n<h3><strong>Bonus \ud83c\udf81<\/strong><\/h3>\n<ul>\n<li>Acceso a la grabaci\u00f3n del curso para siempre\u00a0(No se env\u00eda el archivo, es el acceso a un video privado en Youtube)<\/li>\n<li>21 archivos con material complementario.<\/li>\n<li>Asesor\u00eda por un mes con respecto al curso.<\/li>\n<\/ul>\n<p>&nbsp;<\/p>\n<h3><strong>Algunos comentarios de nuestros alumnos<\/strong><\/h3>\n<p><img decoding=\"async\" class=\"alignnone wp-image-2560 size-large\" src=\"https:\/\/saludlaboralrrhh.cl\/cursos\/wp-content\/uploads\/2021\/11\/Feedback-1024x706.jpg\" alt=\"\" width=\"1024\" height=\"706\" srcset=\"https:\/\/saludlaboralrrhh.cl\/cursos\/wp-content\/uploads\/2021\/11\/Feedback-1024x706.jpg 1024w, https:\/\/saludlaboralrrhh.cl\/cursos\/wp-content\/uploads\/2021\/11\/Feedback-300x207.jpg 300w, https:\/\/saludlaboralrrhh.cl\/cursos\/wp-content\/uploads\/2021\/11\/Feedback-768x529.jpg 768w, https:\/\/saludlaboralrrhh.cl\/cursos\/wp-content\/uploads\/2021\/11\/Feedback-100x69.jpg 100w, https:\/\/saludlaboralrrhh.cl\/cursos\/wp-content\/uploads\/2021\/11\/Feedback-600x413.jpg 600w, https:\/\/saludlaboralrrhh.cl\/cursos\/wp-content\/uploads\/2021\/11\/Feedback.jpg 1045w\" sizes=\"(max-width: 1024px) 100vw, 1024px\" \/><\/p>\n<h3>Quien soy<\/h3>\n<p><img decoding=\"async\" class=\"alignnone size-thumbnail wp-image-2562\" src=\"https:\/\/saludlaboralrrhh.cl\/cursos\/wp-content\/uploads\/2021\/11\/Cindy-circulo-150x150.jpg\" alt=\"\" width=\"150\" height=\"150\" srcset=\"https:\/\/saludlaboralrrhh.cl\/cursos\/wp-content\/uploads\/2021\/11\/Cindy-circulo-150x150.jpg 150w, https:\/\/saludlaboralrrhh.cl\/cursos\/wp-content\/uploads\/2021\/11\/Cindy-circulo-300x300.jpg 300w, https:\/\/saludlaboralrrhh.cl\/cursos\/wp-content\/uploads\/2021\/11\/Cindy-circulo-100x100.jpg 100w\" sizes=\"(max-width: 150px) 100vw, 150px\" \/><\/p>\n<p>Mi nombre es Cindy Ojeda, Contador e Ingeniero en Recursos Humanos, con m\u00e1s de 10 a\u00f1os de experiencia en empresas. Hoy en d\u00eda dedicada por completo a asesorar empresas y educar a profesionales que quieran fortalecer sus conocimientos.<\/p>\n<p>&nbsp;<\/p>\n<p>\u00a1Adem\u00e1s comparto mucho contenido gratuito en <a href=\"https:\/\/www.youtube.com\/c\/SaludLaboralRRHH\">Youtube<\/a>, <a href=\"https:\/\/www.facebook.com\/saludlaboralrrhh\">Facebook<\/a> e <a href=\"https:\/\/www.instagram.com\/salud_laboral_rrhh\/\">Instagram<\/a> todas las semanas!<\/p>\n<p>&nbsp;<\/p>\n<p><a style=\"background-color: #ffffff;\" href=\"https:\/\/www.youtube.com\/c\/SaludLaboralRRHH\">&gt;&gt;S\u00edgueme en Youtube aqu\u00ed<\/a><\/p>\n<p>&nbsp;<\/p>\n<h3><strong>\ud83c\udf81<\/strong>Te regalo una clase gratuita para que puedas evaluar mi m\u00e9todo de ense\u00f1anza<strong>\ud83c\udf81<\/strong><\/h3>\n<p>&nbsp;<\/p>\n<p>Quiero compartir contigo esta clase, fue una transmisi\u00f3n en vivo que hicimos en Youtube y espero sea de gran ayuda para tu formaci\u00f3n profesional, adem\u00e1s podr\u00e1s ver como son mis clases y te ayudar\u00e1 a decidir si soy la persona adecuada para ense\u00f1arte, recuerda que una vez que compres el curso tendr\u00e1s tambi\u00e9n un mes de asesor\u00eda directamente conmigo.<\/p>\n<p><a style=\"background-color: #ffffff;\" href=\"https:\/\/youtu.be\/lhaQstE9QFU\">&gt;&gt;Ver clase gratis sobre DECLARACI\u00d3N DE LIBRO DE REMUNERACIONES ELECTR\u00d3NICO<\/a><\/p>\n<p>&nbsp;<\/p>\n<h3><strong>\u00bfTienes alguna duda o dificultad con la compra?<\/strong><\/h3>\n<div class=\"wpforms-container wpforms-container-full\" id=\"wpforms-2559\"><form id=\"wpforms-form-2559\" class=\"wpforms-validate wpforms-form wpforms-ajax-form\" data-formid=\"2559\" method=\"post\" enctype=\"multipart\/form-data\" action=\"\/cursos\/wp-json\/wp\/v2\/product\/2567\" data-token=\"8858c6e476cdc06a53a0306c2037b9f9\" data-token-time=\"1776484560\"><noscript class=\"wpforms-error-noscript\">Por favor, activa JavaScript en tu navegador para completar este formulario.<\/noscript><div class=\"wpforms-field-container\"><div id=\"wpforms-2559-field_1-container\" class=\"wpforms-field wpforms-field-text\" data-field-id=\"1\"><label class=\"wpforms-field-label\" for=\"wpforms-2559-field_1\">Nombre<\/label><input type=\"text\" id=\"wpforms-2559-field_1\" class=\"wpforms-field-medium\" name=\"wpforms[fields][1]\" ><\/div><div id=\"wpforms-2559-field_3-container\" class=\"wpforms-field wpforms-field-email\" data-field-id=\"3\"><label class=\"wpforms-field-label\" for=\"wpforms-2559-field_3\">Email <span class=\"wpforms-required-label\">*<\/span><\/label><input type=\"email\" id=\"wpforms-2559-field_3\" class=\"wpforms-field-medium wpforms-field-required\" name=\"wpforms[fields][3]\" spellcheck=\"false\" required><\/div><div id=\"wpforms-2559-field_4-container\" class=\"wpforms-field wpforms-field-textarea\" data-field-id=\"4\"><label class=\"wpforms-field-label\" for=\"wpforms-2559-field_4\">Consulta<\/label><textarea id=\"wpforms-2559-field_4\" class=\"wpforms-field-medium\" name=\"wpforms[fields][4]\" ><\/textarea><\/div><\/div><!-- .wpforms-field-container --><div class=\"wpforms-submit-container\" ><input type=\"hidden\" name=\"wpforms[id]\" value=\"2559\"><input type=\"hidden\" name=\"page_title\" value=\"\"><input type=\"hidden\" name=\"page_url\" value=\"https:\/\/saludlaboralrrhh.cl\/cursos\/wp-json\/wp\/v2\/product\/2567\"><button type=\"submit\" name=\"wpforms[submit]\" id=\"wpforms-submit-2559\" class=\"wpforms-submit\" data-alt-text=\"Enviando...\" data-submit-text=\"Enviar\" aria-live=\"assertive\" value=\"wpforms-submit\">Enviar<\/button><img loading=\"lazy\" decoding=\"async\" src=\"https:\/\/saludlaboralrrhh.cl\/cursos\/wp-content\/plugins\/wpforms-lite\/assets\/images\/submit-spin.svg\" class=\"wpforms-submit-spinner\" style=\"display: none;\" width=\"26\" height=\"26\" alt=\"Cargando\"><\/div><\/form><\/div>  <!-- .wpforms-container -->\n","protected":false},"excerpt":{"rendered":"<p><strong>Antes de comprar leer esto por favor<\/strong><\/p>\n<ul>\n<li><strong>Al momento de pagar revisa la carpeta SPAM, si no recibes correo de confirmaci\u00f3n es posible que est\u00e9 ah\u00ed.<\/strong><\/li>\n<\/ul>\n<ul>\n<li>Se enviar\u00e1 el acceso en un plazo de hasta 24 horas h\u00e1biles desde el momento de la compra, el curso corresponde a la grabaci\u00f3n de la \u00faltima clase online realizada.<\/li>\n<li>Se recomienda comprar el curso con un correo GMAIL, ya que daremos acceso a un video privado de youtube a una cuenta v\u00e1lida.<\/li>\n<\/ul>\n","protected":false},"featured_media":2569,"comment_status":"open","ping_status":"closed","template":"","meta":{"_monsterinsights_skip_tracking":false,"_monsterinsights_sitenote_active":false,"_monsterinsights_sitenote_note":"","_monsterinsights_sitenote_category":0},"product_brand":[],"product_cat":[33],"product_tag":[],"class_list":{"0":"post-2567","1":"product","2":"type-product","3":"status-publish","4":"has-post-thumbnail","6":"product_cat-grabaciones","7":"post","9":"first","10":"instock","11":"sale","12":"downloadable","13":"virtual","14":"sold-individually","15":"purchasable","16":"product-type-simple"},"_links":{"self":[{"href":"https:\/\/saludlaboralrrhh.cl\/cursos\/wp-json\/wp\/v2\/product\/2567","targetHints":{"allow":["GET"]}}],"collection":[{"href":"https:\/\/saludlaboralrrhh.cl\/cursos\/wp-json\/wp\/v2\/product"}],"about":[{"href":"https:\/\/saludlaboralrrhh.cl\/cursos\/wp-json\/wp\/v2\/types\/product"}],"replies":[{"embeddable":true,"href":"https:\/\/saludlaboralrrhh.cl\/cursos\/wp-json\/wp\/v2\/comments?post=2567"}],"version-history":[{"count":0,"href":"https:\/\/saludlaboralrrhh.cl\/cursos\/wp-json\/wp\/v2\/product\/2567\/revisions"}],"wp:featuredmedia":[{"embeddable":true,"href":"https:\/\/saludlaboralrrhh.cl\/cursos\/wp-json\/wp\/v2\/media\/2569"}],"wp:attachment":[{"href":"https:\/\/saludlaboralrrhh.cl\/cursos\/wp-json\/wp\/v2\/media?parent=2567"}],"wp:term":[{"taxonomy":"product_brand","embeddable":true,"href":"https:\/\/saludlaboralrrhh.cl\/cursos\/wp-json\/wp\/v2\/product_brand?post=2567"},{"taxonomy":"product_cat","embeddable":true,"href":"https:\/\/saludlaboralrrhh.cl\/cursos\/wp-json\/wp\/v2\/product_cat?post=2567"},{"taxonomy":"product_tag","embeddable":true,"href":"https:\/\/saludlaboralrrhh.cl\/cursos\/wp-json\/wp\/v2\/product_tag?post=2567"}],"curies":[{"name":"wp","href":"https:\/\/api.w.org\/{rel}","templated":true}]}}